{"id":2359,"date":"2021-05-06T17:14:35","date_gmt":"2021-05-06T17:14:35","guid":{"rendered":"https:\/\/dimasurf.com\/?page_id=2359"},"modified":"2021-06-11T15:13:42","modified_gmt":"2021-06-11T15:13:42","slug":"contact","status":"publish","type":"page","link":"https:\/\/dimasurf.com\/ru\/%d0%ba%d0%be%d0%bd%d1%82%d0%b0%d0%ba%d1%82%d1%8b\/","title":{"rendered":"\u041a\u043e\u043d\u0442\u0430\u043a\u0442\u044b"},"content":{"rendered":"<div data-vc-full-width=\"true\" data-vc-full-width-init=\"false\" data-vc-stretch-content=\"true\" class=\"vc_row wpb_row vc_row-fluid margeTop vc_row-no-padding vc_row-o-equal-height vc_row-flex\"><div class=\"wpb_column vc_column_container vc_col-sm-1 vc_hidden-xs\"><div class=\"vc_column-inner\"><div class=\"wpb_wrapper\"><\/div><\/div><\/div><div class=\"wpb_column vc_column_container vc_col-sm-4\"><div class=\"vc_column-inner\"><div class=\"wpb_wrapper\"><h4 style=\"color: #2ca8e0;text-align: left;font-family:Comfortaa;font-weight:700;font-style:normal\" class=\"vc_custom_heading\" >\u041a\u041e\u041d\u0422\u0410\u041a\u0422\u042b \u0418 \u0411\u0420\u041e\u041d\u0418\u0420\u041e\u0412\u0410\u041d\u0418\u0415<\/h4>\n\t<div class=\"wpb_text_column wpb_content_element\" >\n\t\t<div class=\"wpb_wrapper\">\n\t\t\t\n<div class=\"wpcf7 no-js\" id=\"wpcf7-f2361-o1\" lang=\"fr-FR\" dir=\"ltr\" data-wpcf7-id=\"2361\">\n<div class=\"screen-reader-response\"><p role=\"status\" aria-live=\"polite\" aria-atomic=\"true\"><\/p> <ul><\/ul><\/div>\n<form action=\"\/ru\/wp-json\/wp\/v2\/pages\/2359#wpcf7-f2361-o1\" method=\"post\" class=\"wpcf7-form init\" aria-label=\"Formulaire de contact\" novalidate=\"novalidate\" data-status=\"init\" data-trp-original-action=\"\/ru\/wp-json\/wp\/v2\/pages\/2359#wpcf7-f2361-o1\">\n<fieldset class=\"hidden-fields-container\"><input type=\"hidden\" name=\"_wpcf7\" value=\"2361\" \/><input type=\"hidden\" name=\"_wpcf7_version\" value=\"6.1.5\" \/><input type=\"hidden\" name=\"_wpcf7_locale\" value=\"fr_FR\" \/><input type=\"hidden\" name=\"_wpcf7_unit_tag\" value=\"wpcf7-f2361-o1\" \/><input type=\"hidden\" name=\"_wpcf7_container_post\" value=\"0\" \/><input type=\"hidden\" name=\"_wpcf7_posted_data_hash\" value=\"\" \/>\n<\/fieldset>\n<p><span class=\"wpcf7-form-control-wrap\" data-name=\"text-Nom\"><input size=\"40\" maxlength=\"400\" class=\"wpcf7-form-control wpcf7-text wpcf7-validates-as-required\" aria-required=\"true\" aria-invalid=\"false\" placeholder=\"\u0418\u043c\u044f*\" value=\"\" type=\"text\" name=\"text-Nom\" \/><\/span>\n<\/p>\n<p><span class=\"wpcf7-form-control-wrap\" data-name=\"email-email\"><input size=\"40\" maxlength=\"400\" class=\"wpcf7-form-control wpcf7-email wpcf7-validates-as-required wpcf7-text wpcf7-validates-as-email\" aria-required=\"true\" aria-invalid=\"false\" placeholder=\"E-mail*\" value=\"\" type=\"email\" name=\"email-email\" \/><\/span>\n<\/p>\n<p><label>\u041c\u0435\u043d\u044f \u0438\u043d\u0442\u0435\u0440\u0435\u0441\u0443\u0435\u0442:<\/label><br \/>\n<span class=\"wpcf7-form-control-wrap\" data-name=\"radio-pack\"><span class=\"wpcf7-form-control wpcf7-radio\"><span class=\"wpcf7-list-item first\"><label><input type=\"radio\" name=\"radio-pack\" value=\"Pack Friendly\" checked=\"checked\" \/><span class=\"wpcf7-list-item-label\">\u041d\u0430\u0431\u043e\u0440 \u0414\u0440\u0443\u0437\u044c\u044f<\/span><\/label><\/span><span class=\"wpcf7-list-item\"><label><input type=\"radio\" name=\"radio-pack\" value=\"Pack Surf\" \/><span class=\"wpcf7-list-item-label\">\u041d\u0430\u0431\u043e\u0440 \u0421\u0451\u0440\u0444<\/span><\/label><\/span><span class=\"wpcf7-list-item\"><label><input type=\"radio\" name=\"radio-pack\" value=\"Pack Surf &amp; Yoga\" \/><span class=\"wpcf7-list-item-label\">\u041d\u0430\u0431\u043e\u0440 \u0421\u0451\u0440\u0444 \u0438 \u0419\u043e\u0433\u0430<\/span><\/label><\/span><span class=\"wpcf7-list-item last\"><label><input type=\"radio\" name=\"radio-pack\" value=\"Bed &amp; Breakfast\" \/><span class=\"wpcf7-list-item-label\">Bed &amp; Breakfast<\/span><\/label><\/span><\/span><\/span>\n<\/p>\n<p><label> \u042f \u0445\u043e\u0447\u0443 \u043d\u043e\u043c\u0435\u0440:*<\/label><br \/>\n<span class=\"wpcf7-form-control-wrap\" data-name=\"checkbox-chambre\"><span class=\"wpcf7-form-control wpcf7-checkbox wpcf7-validates-as-required\"><span class=\"wpcf7-list-item first\"><label><input type=\"checkbox\" name=\"checkbox-chambre[]\" value=\"La Terrasse\" \/><span class=\"wpcf7-list-item-label\">\u0422\u0435\u0440\u0430\u0441\u0441\u0430<\/span><\/label><\/span><span class=\"wpcf7-list-item\"><label><input type=\"checkbox\" name=\"checkbox-chambre[]\" value=\"Le Patio\" \/><span class=\"wpcf7-list-item-label\">\u041f\u0430\u0442\u0438\u043e<\/span><\/label><\/span><span class=\"wpcf7-list-item last\"><label><input type=\"checkbox\" name=\"checkbox-chambre[]\" value=\"La Single\" \/><span class=\"wpcf7-list-item-label\">\u0421\u0438\u043d\u0433\u043b<\/span><\/label><\/span><\/span><\/span>\n<\/p>\n<p><label> \u041c\u0435\u043d\u044f \u0438\u043d\u0442\u0435\u0440\u0435\u0441\u0443\u0435\u0442:<\/label><br \/>\n<span class=\"wpcf7-form-control-wrap\" data-name=\"checkbox-excursion\"><span class=\"wpcf7-form-control wpcf7-checkbox wpcf7-exclusive-checkbox\"><span class=\"wpcf7-list-item first\"><label><input type=\"checkbox\" name=\"checkbox-excursion\" value=\"Paradise Valley\" \/><span class=\"wpcf7-list-item-label\">\u0420\u0430\u0439\u0441\u043a\u0430\u044f \u0434\u043e\u043b\u0438\u043d\u0430<\/span><\/label><\/span><span class=\"wpcf7-list-item\"><label><input type=\"checkbox\" name=\"checkbox-excursion\" value=\"Imsouane\" \/><span class=\"wpcf7-list-item-label\">\u0418\u043c\u0441\u0443\u0430\u043d<\/span><\/label><\/span><span class=\"wpcf7-list-item last\"><label><input type=\"checkbox\" name=\"checkbox-excursion\" value=\"Imi Ouaddar\" \/><span class=\"wpcf7-list-item-label\">\u0418\u043c\u0438 \u0423\u0430\u0434\u0434\u0430\u0440<\/span><\/label><\/span><\/span><\/span>\n<\/p>\n<p><label> \u0414\u0430\u0442\u0430 \u043f\u0440\u0438\u0431\u044b\u0442\u0438\u044f \u0432 Dima Surf<br \/>\n<span class=\"wpcf7-form-control-wrap\" data-name=\"date-arrivee\"><input class=\"wpcf7-form-control wpcf7-date wpcf7-validates-as-date\" aria-invalid=\"false\" value=\"\" type=\"date\" name=\"date-arrivee\" \/><\/span> <\/label>\n<\/p>\n<p><label> \u0414\u0430\u0442\u0430 \u043e\u0442\u044a\u0435\u0437\u0434\u0430 \u0438\u0437 Dima Surf<br \/>\n<span class=\"wpcf7-form-control-wrap\" data-name=\"date-depart\"><input class=\"wpcf7-form-control wpcf7-date wpcf7-validates-as-date\" aria-invalid=\"false\" value=\"\" type=\"date\" name=\"date-depart\" \/><\/span> <\/label>\n<\/p>\n<p><span class=\"wpcf7-form-control-wrap\" data-name=\"text-Nombre\"><input size=\"40\" maxlength=\"400\" class=\"wpcf7-form-control wpcf7-text\" aria-invalid=\"false\" placeholder=\"\u041a\u043e\u043b\u0438\u0447\u0435\u0441\u0442\u0432\u043e \u0433\u043e\u0441\u0442\u0435\u0439\" value=\"\" type=\"text\" name=\"text-Nombre\" \/><\/span>\n<\/p>\n<p><label> \u0421\u043e\u043e\u0431\u0449\u0435\u043d\u0438\u0435*<br \/>\n<span class=\"wpcf7-form-control-wrap\" data-name=\"your-message\"><textarea cols=\"40\" rows=\"10\" maxlength=\"2000\" class=\"wpcf7-form-control wpcf7-textarea wpcf7-validates-as-required\" aria-required=\"true\" aria-invalid=\"false\" name=\"your-message\"><\/textarea><\/span> <\/label>\n<\/p>\n<p><span class=\"wpcf7-form-control-wrap\" data-name=\"text-Connu\"><input size=\"40\" maxlength=\"400\" class=\"wpcf7-form-control wpcf7-text\" aria-invalid=\"false\" placeholder=\"\u041e\u0442\u043a\u0443\u0434\u0430 \u0432\u044b \u0443\u0437\u043d\u0430\u043b\u0438 \u043e Dima Surf ?\" value=\"\" type=\"text\" name=\"text-Connu\" \/><\/span>\n<\/p>\n<p><input class=\"wpcf7-form-control wpcf7-submit has-spinner btnCentre\" type=\"submit\" value=\"\u041e\u0442\u043f\u0440\u0430\u0432\u0438\u0442\u044c\" \/>\n<\/p><div class=\"wpcf7-response-output\" aria-hidden=\"true\"><\/div>\n<input type=\"hidden\" name=\"trp-form-language\" value=\"ru\"\/><\/form>\n<\/div>\n\n\n\t\t<\/div>\n\t<\/div>\n<\/div><\/div><\/div><div class=\"wpb_column vc_column_container vc_col-sm-2 vc_hidden-xs\"><div class=\"vc_column-inner\"><div class=\"wpb_wrapper\"><\/div><\/div><\/div><div class=\"wpb_column vc_column_container vc_col-sm-4\"><div class=\"vc_column-inner\"><div class=\"wpb_wrapper\"><h4 style=\"color: #2ca8e0;text-align: left;font-family:Comfortaa;font-weight:700;font-style:normal\" class=\"vc_custom_heading\" >\u0427\u0422\u041e\u0411\u042b \u041f\u041e\u0414\u0422\u0412\u0415\u0420\u0414\u0418\u0422\u042c \u0412\u0410\u0428 \u041f\u0420\u0418\u0415\u0417\u0414, \u0421\u0412\u042f\u0416\u0418\u0422\u0415\u0421\u042c \u0421 \u041d\u0410\u041c\u0418<\/h4>\n\t<div class=\"wpb_text_column wpb_content_element  margeBottom-0\" >\n\t\t<div class=\"wpb_wrapper\">\n\t\t\t<p class=\"p1\"><span class=\"s1\">dimasurfmaroc@gmail.com<br \/>\n<\/span><span class=\"s1\">\u041d\u0430 \u043c\u0435\u0441\u0442\u0435 : +212 698-002938<\/span><\/p>\n\n\t\t<\/div>\n\t<\/div>\n<div class=\"uavc-icons\">\n<a class=\"aio-tooltip 6a0325780de4a\" href=\"mailto:dimasurfmaroc@gmail.com\" target=\"_blank\" rel=\"nofollow noopener\"  data-toggle=\"tooltip\" data-placement=\"\" title=\"\"><div class=\"aio-icon\" data-animation=\"\" data-animation-delay=\"03\" style=\"color:#2ca8e0;font-size:32px;margin-right:5px;\">\n\t<i class=\"Defaults-envelope-o\"><\/i>\n<\/div><\/a>\n<a class=\"aio-tooltip 6a0325780de7f\" href=\"https:\/\/wa.me\/212698002938\" target=\"_blank\" rel=\"nofollow noopener\"  data-toggle=\"tooltip\" data-placement=\"\" title=\"\"><div class=\"aio-icon\" data-animation=\"\" data-animation-delay=\"03\" style=\"color:#2ca8e0;font-size:32px;margin-right:5px;\">\n\t<i class=\"Defaults-whatsapp\"><\/i>\n<\/div><\/a>\n<a class=\"aio-tooltip 6a0325780de9b\" href=\"tel:+212698002938\" target=\"_blank\" rel=\"nofollow noopener\"  data-toggle=\"tooltip\" data-placement=\"\" title=\"\"><div class=\"aio-icon\" data-animation=\"\" data-animation-delay=\"03\" style=\"color:#2ca8e0;font-size:32px;margin-right:5px;\">\n\t<i class=\"Defaults-mobile mobile-phone\"><\/i>\n<\/div><\/a>\n<a class=\"aio-tooltip 6a0325780deb1\" href=\"https:\/\/www.instagram.com\/dimasurfmaroc\/\" target=\"_blank\" rel=\"nofollow noopener\"  data-toggle=\"tooltip\" data-placement=\"\" title=\"\"><div class=\"aio-icon\" data-animation=\"\" data-animation-delay=\"03\" style=\"color:#2ca8e0;font-size:32px;margin-right:5px;\">\n\t<i class=\"Defaults-instagram\"><\/i>\n<\/div><\/a><\/div>\n\t<div class=\"wpb_text_column wpb_content_element\" >\n\t\t<div class=\"wpb_wrapper\">\n\t\t\t<p class=\"p1\"><span class=\"s1\" style=\"font-size: 14px;\">\u0421\u0432\u044f\u0436\u0438\u0442\u0435\u0441\u044c \u0441 \u043d\u0430\u043c\u0438 \u0447\u0435\u0440\u0435\u0437 Whatsapp, \u044d\u0442\u043e \u043f\u043e\u0437\u0432\u043e\u043b\u0438\u0442 \u0432\u0430\u043c \u0438\u0437\u0431\u0435\u0436\u0430\u0442\u044c \u0434\u043e\u043f\u043e\u043b\u043d\u0438\u0442\u0435\u043b\u044c\u043d\u044b\u0445 \u0442\u0440\u0430\u0442<\/span><\/p>\n\n\t\t<\/div>\n\t<\/div>\n\n\t<div class=\"wpb_text_column wpb_content_element\" >\n\t\t<div class=\"wpb_wrapper\">\n\t\t\t<p class=\"p1\"><span class=\"s1\">\u0420\u0430\u0439\u043e\u043d \u041e\u0431\u0445\u0430<br \/>\n<\/span><span class=\"s1\">80023 \u0422\u0430\u043c\u0440\u0430, \u0410\u0433\u0430\u0434\u0438\u0440<br \/>\n<\/span><span class=\"s1\">\u041c\u0430\u0440\u043e\u043a\u043a\u043e<\/span><\/p>\n\n\t\t<\/div>\n\t<\/div>\n<\/div><\/div><\/div><div class=\"wpb_column vc_column_container vc_col-sm-1 vc_hidden-xs\"><div class=\"vc_column-inner\"><div class=\"wpb_wrapper\"><\/div><\/div><\/div><\/div><div class=\"vc_row-full-width vc_clearfix\"><\/div><div data-vc-full-width=\"true\" data-vc-full-width-init=\"false\" data-vc-stretch-content=\"true\" class=\"vc_row wpb_row vc_row-fluid vc_custom_1620395790074 vc_row-has-fill vc_row-no-padding vc_row-o-equal-height vc_row-flex\"><div class=\"wpb_column vc_column_container vc_col-sm-5 vc_col-has-fill\" id=\"footerBleu\"><div class=\"vc_column-inner vc_custom_1620827370195\"><div class=\"wpb_wrapper\"><h5 style=\"color: #ffffff;text-align: left;font-family:Abril Fatface;font-weight:400;font-style:normal\" class=\"vc_custom_heading\" >Dima Surf<\/h5>\n\t<div class=\"wpb_text_column wpb_content_element  lienBlanc\" >\n\t\t<div class=\"wpb_wrapper\">\n\t\t\t<p class=\"p1\"><span style=\"color: #ffffff;\"><span class=\"s1\">\u0420\u0430\u0439\u043e\u043d \u041e\u0431\u0445\u0430<br \/>\n<\/span><span class=\"s1\">80023 \u0422\u0430\u043c\u0440\u0430, \u0410\u0433\u0430\u0434\u0438\u0440<br \/>\n<\/span><span class=\"s1\">\u041c\u0430\u0440\u043e\u043a\u043a\u043e<\/span><\/span><\/p>\n<p>&nbsp;<\/p>\n<p><span style=\"color: #ffffff;\"><a style=\"color: #ffffff;\" href=\"https:\/\/www.google.fr\/maps\/place\/30%C2%B030'59.8%22N+9%C2%B040'43.2%22W\/@30.5166111,-9.6808554,17z\/data=!3m1!4b1!4m5!3m4!1s0x0:0x0!8m2!3d30.5166111!4d-9.6786667\" target=\"_blank\" rel=\"noopener\">\u041f\u043e\u0441\u043c\u043e\u0442\u0440\u0435\u0442\u044c \u043d\u0430 \u043a\u0430\u0440\u0442\u0435<\/a><\/span><\/p>\n\n\t\t<\/div>\n\t<\/div>\n<\/div><\/div><\/div><div class=\"wpb_column vc_column_container vc_col-sm-4 vc_col-has-fill\" id=\"footerBlanc\"><div class=\"vc_column-inner vc_custom_1620827349510\"><div class=\"wpb_wrapper\"><h5 style=\"text-align: left;font-family:Abril Fatface;font-weight:400;font-style:normal\" class=\"vc_custom_heading\" >\u0421\u0432\u044f\u0436\u0438\u0442\u0435\u0441\u044c \u0441 \u043d\u0430\u043c\u0438<\/h5>\n\t<div class=\"wpb_text_column wpb_content_element  margeBottom-0\" >\n\t\t<div class=\"wpb_wrapper\">\n\t\t\t<p class=\"p1\"><span class=\"s1\">dimasurfmaroc@gmail.com<br \/>\n<\/span><span class=\"s1\">+212 698-002938<\/span><\/p>\n\n\t\t<\/div>\n\t<\/div>\n<div class=\"uavc-icons\">\n<a class=\"aio-tooltip 6a0325780ed7f\" href=\"mailto:dimasurfmaroc@gmail.com\" target=\"_blank\" rel=\"nofollow noopener\"  data-toggle=\"tooltip\" data-placement=\"\" title=\"\"><div class=\"aio-icon\" data-animation=\"\" data-animation-delay=\"03\" style=\"color:#2ca8e0;font-size:32px;margin-right:5px;\">\n\t<i class=\"Defaults-envelope-o\"><\/i>\n<\/div><\/a>\n<a class=\"aio-tooltip 6a0325780ed9f\" href=\"https:\/\/wa.me\/212698002938\" target=\"_blank\" rel=\"nofollow noopener\"  data-toggle=\"tooltip\" data-placement=\"\" title=\"\"><div class=\"aio-icon\" data-animation=\"\" data-animation-delay=\"03\" style=\"color:#2ca8e0;font-size:32px;margin-right:5px;\">\n\t<i class=\"Defaults-whatsapp\"><\/i>\n<\/div><\/a>\n<a class=\"aio-tooltip 6a0325780edb4\" href=\"tel:+212698002938\" target=\"_blank\" rel=\"nofollow noopener\"  data-toggle=\"tooltip\" data-placement=\"\" title=\"\"><div class=\"aio-icon\" data-animation=\"\" data-animation-delay=\"03\" style=\"color:#2ca8e0;font-size:32px;margin-right:5px;\">\n\t<i class=\"Defaults-mobile mobile-phone\"><\/i>\n<\/div><\/a>\n<a class=\"aio-tooltip 6a0325780edc9\" href=\"https:\/\/www.instagram.com\/dimasurfmaroc\/\" target=\"_blank\" rel=\"nofollow noopener\"  data-toggle=\"tooltip\" data-placement=\"\" title=\"\"><div class=\"aio-icon\" data-animation=\"\" data-animation-delay=\"03\" style=\"color:#2ca8e0;font-size:32px;margin-right:5px;\">\n\t<i class=\"Defaults-instagram\"><\/i>\n<\/div><\/a><\/div>\n\t<div class=\"wpb_text_column wpb_content_element\" >\n\t\t<div class=\"wpb_wrapper\">\n\t\t\t<p class=\"p1\"><span class=\"s1\" style=\"font-size: 14px;\">\u0421\u0432\u044f\u0436\u0438\u0442\u0435\u0441\u044c \u0441 \u043d\u0430\u043c\u0438 \u0447\u0435\u0440\u0435\u0437 Whatsapp, \u044d\u0442\u043e \u043f\u043e\u0437\u0432\u043e\u043b\u0438\u0442 \u0432\u0430\u043c \u0438\u0437\u0431\u0435\u0436\u0430\u0442\u044c \u0434\u043e\u043f\u043e\u043b\u043d\u0438\u0442\u0435\u043b\u044c\u043d\u044b\u0445 \u0442\u0440\u0430\u0442<\/span><\/p>\n\n\t\t<\/div>\n\t<\/div>\n<div class=\"vc_btn3-container vc_btn3-left\" ><a onmouseleave=\"this.style.borderColor='#2ca8e0'; this.style.backgroundColor='transparent'; this.style.color='#2ca8e0'\" onmouseenter=\"this.style.borderColor='#2ca8e0'; this.style.backgroundColor='#2ca8e0'; this.style.color='#ffffff';\" style=\"border-color:#2ca8e0; color:#2ca8e0;\" class=\"vc_general vc_btn3 vc_btn3-size-md vc_btn3-shape-square vc_btn3-style-outline-custom\" href=\"https:\/\/dimasurf.com\/ru\/contact\/\" title=\"\u041a\u043e\u043d\u0442\u0430\u043a\u0442\u044b\">\u0417\u0430\u0431\u0440\u043e\u043d\u0438\u0440\u043e\u0432\u0430\u0442\u044c<\/a><\/div><\/div><\/div><\/div><div class=\"wpb_column vc_column_container vc_col-sm-3 vc_col-has-fill\" id=\"footerBlanc\"><div class=\"vc_column-inner vc_custom_1620827341145\"><div class=\"wpb_wrapper\">\n\t<div class=\"wpb_text_column wpb_content_element  lienSansDeco lienBleu\" >\n\t\t<div class=\"wpb_wrapper\">\n\t\t\t<p class=\"p2 translation-block\"><a href=\"https:\/\/dimasurf.com\/ru\/maison-d-hotes-taghazout\/\" rel=\"noopener\" target=\"_self\"><span class=\"s1\">\u0414\u043e\u043c\u043e\u0439<\/span><\/a><br>\n<a href=\"https:\/\/dimasurf.com\/ru\/packs-surf-taghazout\/\" rel=\"noopener\" target=\"_self\"><span class=\"s1\">\u041d\u0430\u0448\u0438 \u043f\u0440\u0435\u0434\u043b\u043e\u0436\u0435\u043d\u0438\u044f<\/span><\/a><br>\n<a href=\"https:\/\/dimasurf.com\/ru\/contact\/\" rel=\"noopener\" target=\"_self\"><span class=\"s1\">\u041a\u043e\u043d\u0442\u0430\u043a\u0442\u044b \u0438 \u0431\u0440\u043e\u043d\u0438\u0440\u043e\u0432\u0430\u043d\u0438\u0435<\/span><\/a><\/p>\n\n\t\t<\/div>\n\t<\/div>\n<div class=\"vc_empty_space\"   style=\"height: 124px\"><span class=\"vc_empty_space_inner\"><\/span><\/div>\n\t<div class=\"wpb_text_column wpb_content_element  interlignage15\" >\n\t\t<div class=\"wpb_wrapper\">\n\t\t\t<p>\u00a9 2021 Dima Surf \u2013 \u0412\u0441\u0435 \u043f\u0440\u0430\u0432\u0430 \u0437\u0430\u0449\u0438\u0449\u0435\u043d\u044b.<br \/>\nDima Surf \u2013 \u043a\u043e\u043c\u043f\u0430\u043d\u0438\u044f, \u043e\u0444\u0438\u0446\u0438\u0430\u043b\u044c\u043d\u043e \u0437\u0430\u0440\u0435\u0433\u0438\u0441\u0442\u0440\u0438\u0440\u043e\u0432\u0430\u043d\u043d\u0430\u044f \u0432 \u041c\u0430\u0440\u043e\u043a\u043a\u043e<\/p>\n\n\t\t<\/div>\n\t<\/div>\n<\/div><\/div><\/div><\/div><div class=\"vc_row-full-width vc_clearfix\"><\/div>","protected":false},"excerpt":{"rendered":"CONTACT &amp; R\u00c9SERVATION Je m'int\u00e9resse \u00e0 : Pack FriendlyPack SurfPack Surf &amp; YogaBed &amp; Breakfast Je souhaite la chambre :* La TerrasseLe PatioLa Single Je suis partant.e pour : Paradise ValleyImsouaneImi Ouaddar Date d'arriv\u00e9e \u00e0 Dima Surf Date de d\u00e9part [...]","protected":false},"author":3,"featured_media":0,"parent":0,"menu_order":0,"comment_status":"closed","ping_status":"closed","template":"","meta":{"_monsterinsights_skip_tracking":false,"_monsterinsights_sitenote_active":false,"_monsterinsights_sitenote_note":"","_monsterinsights_sitenote_category":0,"footnotes":""},"class_list":["post-2359","page","type-page","status-publish","hentry"],"yoast_head":"<!-- This site is optimized with the Yoast SEO Premium plugin v15.7 - https:\/\/yoast.com\/wordpress\/plugins\/seo\/ -->\n<title>Contact - Dima Surf<\/title>\n<meta name=\"robots\" content=\"index, follow, max-snippet:-1, max-image-preview:large, max-video-preview:-1\" \/>\n<link rel=\"canonical\" href=\"https:\/\/dimasurf.com\/ru\/contact\/\" \/>\n<meta property=\"og:locale\" content=\"ru_RU\" \/>\n<meta property=\"og:type\" content=\"article\" \/>\n<meta property=\"og:title\" content=\"Contact - Dima Surf\" \/>\n<meta property=\"og:url\" content=\"https:\/\/dimasurf.com\/ru\/contact\/\" \/>\n<meta property=\"og:site_name\" content=\"Dima Surf\" \/>\n<meta property=\"article:modified_time\" content=\"2021-06-11T15:13:42+00:00\" \/>\n<meta name=\"twitter:card\" content=\"summary_large_image\" \/>\n<meta name=\"twitter:label1\" content=\"\u041f\u0440\u0438\u043c\u0435\u0440\u043d\u043e\u0435 \u0432\u0440\u0435\u043c\u044f \u0434\u043b\u044f \u0447\u0442\u0435\u043d\u0438\u044f\">\n\t<meta name=\"twitter:data1\" content=\"1 \u043c\u0438\u043d\u0443\u0442\u0430\">\n<script type=\"application\/ld+json\" class=\"yoast-schema-graph\">{\"@context\":\"https:\/\/schema.org\",\"@graph\":[{\"@type\":\"WebSite\",\"@id\":\"https:\/\/dimasurf.com\/#website\",\"url\":\"https:\/\/dimasurf.com\/\",\"name\":\"Dima Surf\",\"description\":\"Surf Hostel\",\"potentialAction\":[{\"@type\":\"SearchAction\",\"target\":\"https:\/\/dimasurf.com\/?s={search_term_string}\",\"query-input\":\"required name=search_term_string\"}],\"inLanguage\":\"ru-RU\"},{\"@type\":\"WebPage\",\"@id\":\"https:\/\/dimasurf.com\/contact\/#webpage\",\"url\":\"https:\/\/dimasurf.com\/contact\/\",\"name\":\"Contact - Dima Surf\",\"isPartOf\":{\"@id\":\"https:\/\/dimasurf.com\/#website\"},\"datePublished\":\"2021-05-06T17:14:35+00:00\",\"dateModified\":\"2021-06-11T15:13:42+00:00\",\"breadcrumb\":{\"@id\":\"https:\/\/dimasurf.com\/contact\/#breadcrumb\"},\"inLanguage\":\"ru-RU\",\"potentialAction\":[{\"@type\":\"ReadAction\",\"target\":[\"https:\/\/dimasurf.com\/contact\/\"]}]},{\"@type\":\"BreadcrumbList\",\"@id\":\"https:\/\/dimasurf.com\/contact\/#breadcrumb\",\"itemListElement\":[{\"@type\":\"ListItem\",\"position\":1,\"item\":{\"@type\":\"WebPage\",\"@id\":\"https:\/\/dimasurf.com\/\",\"url\":\"https:\/\/dimasurf.com\/\",\"name\":\"Accueil\"}},{\"@type\":\"ListItem\",\"position\":2,\"item\":{\"@type\":\"WebPage\",\"@id\":\"https:\/\/dimasurf.com\/contact\/\",\"url\":\"https:\/\/dimasurf.com\/contact\/\",\"name\":\"Contact\"}}]}]}<\/script>\n<!-- \/ Yoast SEO Premium plugin. -->","_links":{"self":[{"href":"https:\/\/dimasurf.com\/ru\/wp-json\/wp\/v2\/pages\/2359","targetHints":{"allow":["GET"]}}],"collection":[{"href":"https:\/\/dimasurf.com\/ru\/wp-json\/wp\/v2\/pages"}],"about":[{"href":"https:\/\/dimasurf.com\/ru\/wp-json\/wp\/v2\/types\/page"}],"author":[{"embeddable":true,"href":"https:\/\/dimasurf.com\/ru\/wp-json\/wp\/v2\/users\/3"}],"replies":[{"embeddable":true,"href":"https:\/\/dimasurf.com\/ru\/wp-json\/wp\/v2\/comments?post=2359"}],"version-history":[{"count":22,"href":"https:\/\/dimasurf.com\/ru\/wp-json\/wp\/v2\/pages\/2359\/revisions"}],"predecessor-version":[{"id":2617,"href":"https:\/\/dimasurf.com\/ru\/wp-json\/wp\/v2\/pages\/2359\/revisions\/2617"}],"wp:attachment":[{"href":"https:\/\/dimasurf.com\/ru\/wp-json\/wp\/v2\/media?parent=2359"}],"curies":[{"name":"wp","href":"https:\/\/api.w.org\/{rel}","templated":true}]}}